{"id":200,"date":"2025-07-28T08:18:53","date_gmt":"2025-07-28T11:18:53","guid":{"rendered":"http:\/\/localhost\/zanella-v2\/?page_id=200"},"modified":"2025-10-27T17:21:22","modified_gmt":"2025-10-27T20:21:22","slug":"aviso-legal","status":"publish","type":"page","link":"https:\/\/zanellaglobal.com\/ar\/aviso-legal\/","title":{"rendered":"Aviso legal"},"content":{"rendered":"<style>.kb-row-layout-id200_4cb069-e4 > .kt-row-column-wrap{align-content:start;}:where(.kb-row-layout-id200_4cb069-e4 > .kt-row-column-wrap) > .wp-block-kadence-column{justify-content:start;}.kb-row-layout-id200_4cb069-e4 > .kt-row-column-wrap{column-gap:var(--global-kb-gap-md, 2rem);row-gap:var(--global-kb-gap-md, 2rem);padding-top:20px;padding-bottom:20px;grid-template-columns:minmax(0, 1fr);}.kb-row-layout-id200_4cb069-e4 > .kt-row-layout-overlay{opacity:0.30;}@media all and (max-width: 1024px){.kb-row-layout-id200_4cb069-e4 > .kt-row-column-wrap{grid-template-columns:minmax(0, 1fr);}}@media all and (max-width: 767px){.kb-row-layout-id200_4cb069-e4 > .kt-row-column-wrap{grid-template-columns:minmax(0, 1fr);}}<\/style><div class=\"kb-row-layout-wrap kb-row-layout-id200_4cb069-e4 alignnone wp-block-kadence-rowlayout\"><div class=\"kt-row-column-wrap kt-has-1-columns kt-row-layout-equal kt-tab-layout-inherit kt-mobile-layout-row kt-row-valign-top\">\n<style>.kadence-column200_516390-a0 > .kt-inside-inner-col,.kadence-column200_516390-a0 > .kt-inside-inner-col:before{border-top-left-radius:0px;border-top-right-radius:0px;border-bottom-right-radius:0px;border-bottom-left-radius:0px;}.kadence-column200_516390-a0 > .kt-inside-inner-col{column-gap:var(--global-kb-gap-sm, 1rem);}.kadence-column200_516390-a0 > .kt-inside-inner-col{flex-direction:column;}.kadence-column200_516390-a0 > .kt-inside-inner-col > .aligncenter{width:100%;}.kadence-column200_516390-a0 > .kt-inside-inner-col:before{opacity:0.3;}.kadence-column200_516390-a0{position:relative;}@media all and (max-width: 1024px){.kadence-column200_516390-a0 > .kt-inside-inner-col{flex-direction:column;justify-content:center;}}@media all and (max-width: 767px){.kadence-column200_516390-a0 > .kt-inside-inner-col{flex-direction:column;justify-content:center;}}<\/style>\n<div class=\"wp-block-kadence-column kadence-column200_516390-a0\"><div class=\"kt-inside-inner-col\"><style>.wp-block-kadence-advancedheading.kt-adv-heading200_e6f82f-26, .wp-block-kadence-advancedheading.kt-adv-heading200_e6f82f-26[data-kb-block=\"kb-adv-heading200_e6f82f-26\"]{font-style:normal;color:#d00c1c;}.wp-block-kadence-advancedheading.kt-adv-heading200_e6f82f-26 mark.kt-highlight, .wp-block-kadence-advancedheading.kt-adv-heading200_e6f82f-26[data-kb-block=\"kb-adv-heading200_e6f82f-26\"] mark.kt-highlight{font-style:normal;color:#f76a0c;-webkit-box-decoration-break:clone;box-decoration-break:clone;padding-top:0px;padding-right:0px;padding-bottom:0px;padding-left:0px;}.wp-block-kadence-advancedheading.kt-adv-heading200_e6f82f-26 img.kb-inline-image, .wp-block-kadence-advancedheading.kt-adv-heading200_e6f82f-26[data-kb-block=\"kb-adv-heading200_e6f82f-26\"] img.kb-inline-image{width:150px;vertical-align:baseline;}<\/style>\n<h2 class=\"kt-adv-heading200_e6f82f-26 wp-block-kadence-advancedheading\" data-kb-block=\"kb-adv-heading200_e6f82f-26\">Aviso legal<\/h2>\n<\/div><\/div>\n\n<\/div><\/div>\n\n<style>.kb-row-layout-id200_22d08e-0d > .kt-row-column-wrap{align-content:start;}:where(.kb-row-layout-id200_22d08e-0d > .kt-row-column-wrap) > .wp-block-kadence-column{justify-content:start;}.kb-row-layout-id200_22d08e-0d > .kt-row-column-wrap{column-gap:var(--global-kb-gap-md, 2rem);row-gap:var(--global-kb-gap-md, 2rem);padding-top:30px;padding-right:30px;padding-bottom:10px;padding-left:30px;grid-template-columns:minmax(0, 1fr);}.kb-row-layout-id200_22d08e-0d > .kt-row-layout-overlay{opacity:0.30;}@media all and (max-width: 1024px){.kb-row-layout-id200_22d08e-0d > .kt-row-column-wrap{grid-template-columns:minmax(0, 1fr);}}@media all and (max-width: 767px){.kb-row-layout-id200_22d08e-0d > .kt-row-column-wrap{grid-template-columns:minmax(0, 1fr);}}<\/style><div class=\"kb-row-layout-wrap kb-row-layout-id200_22d08e-0d alignnone wp-block-kadence-rowlayout\"><div class=\"kt-row-column-wrap kt-has-1-columns kt-row-layout-equal kt-tab-layout-inherit kt-mobile-layout-row kt-row-valign-top\">\n<style>.kadence-column200_8db2ac-13 > .kt-inside-inner-col,.kadence-column200_8db2ac-13 > .kt-inside-inner-col:before{border-top-left-radius:0px;border-top-right-radius:0px;border-bottom-right-radius:0px;border-bottom-left-radius:0px;}.kadence-column200_8db2ac-13 > .kt-inside-inner-col{column-gap:var(--global-kb-gap-sm, 1rem);}.kadence-column200_8db2ac-13 > .kt-inside-inner-col{flex-direction:column;}.kadence-column200_8db2ac-13 > .kt-inside-inner-col > .aligncenter{width:100%;}.kadence-column200_8db2ac-13 > .kt-inside-inner-col:before{opacity:0.3;}.kadence-column200_8db2ac-13{position:relative;}@media all and (max-width: 1024px){.kadence-column200_8db2ac-13 > .kt-inside-inner-col{flex-direction:column;justify-content:center;}}@media all and (max-width: 767px){.kadence-column200_8db2ac-13 > .kt-inside-inner-col{flex-direction:column;justify-content:center;}}<\/style>\n<div class=\"wp-block-kadence-column kadence-column200_8db2ac-13\"><div class=\"kt-inside-inner-col\">\n<p><strong>Zanella Hnos y CIA SACIFI no realiza contactos con consumidores con el fin de ofrecer ninguna opci\u00f3n de financiaci\u00f3n, plan de ahorro, ni requerir dinero y\/o datos de ning\u00fan tipo.<\/strong>\u00a0Zanella Hnos y CIA SACIFI comercializa sus productos a trav\u00e9s de concesionarios y no en forma directa a los consumidores, como tampoco otorga financiaci\u00f3n a consumidores. Se alerta a los consumidores que en caso de recibir cualquier tipo de llamada, contacto por redes sociales, y\/o cualquier medio de terceros, verifique la informaci\u00f3n y no aporte informaci\u00f3n ni transfiera dinero. En caso de dudas puede comunicarse a trav\u00e9s de e-mail a: <a href=\"mailto:atencionalcliente@zanella.com.ar\">atencionalcliente@zanella.com.ar<\/a> a fines de obtener informaci\u00f3n. Se recuerda que la \u00fanica web oficial de Zanella Hnos y CIA SACIFI es\u00a0<a href=\"http:\/\/www.zanellaglobal.com\/\">www.zanellaglobal.com<\/a><\/p>\n<\/div><\/div>\n\n<\/div><\/div>\n\n\n<p><\/p>\n","protected":false},"excerpt":{"rendered":"<p>Aviso legal Zanella Hnos y CIA SACIFI no realiza contactos con consumidores con el fin de ofrecer ninguna opci\u00f3n de [&hellip;]<\/p>\n","protected":false},"author":1,"featured_media":0,"parent":0,"menu_order":0,"comment_status":"closed","ping_status":"closed","template":"template-parts\/template-institucional.php","meta":{"_acf_changed":false,"inline_featured_image":false,"_kb_optimizer_status":0,"_kadence_starter_templates_imported_post":false,"footnotes":""},"class_list":["post-200","page","type-page","status-publish","hentry"],"acf":[],"yoast_head":"<!-- This site is optimized with the Yoast SEO plugin v27.1.1 - https:\/\/yoast.com\/product\/yoast-seo-wordpress\/ -->\n<title>Aviso legal - Zanella<\/title>\n<meta name=\"robots\" content=\"index, follow, max-snippet:-1, max-image-preview:large, max-video-preview:-1\" \/>\n<link rel=\"canonical\" href=\"https:\/\/zanellaglobal.com\/ar\/aviso-legal\/\" \/>\n<meta property=\"og:locale\" content=\"es_ES\" \/>\n<meta property=\"og:type\" content=\"article\" \/>\n<meta property=\"og:title\" content=\"Aviso legal - Zanella\" \/>\n<meta property=\"og:description\" content=\"Aviso legal Zanella Hnos y CIA SACIFI no realiza contactos con consumidores con el fin de ofrecer ninguna opci\u00f3n de [&hellip;]\" \/>\n<meta property=\"og:url\" content=\"https:\/\/zanellaglobal.com\/ar\/aviso-legal\/\" \/>\n<meta property=\"og:site_name\" content=\"Zanella\" \/>\n<meta property=\"article:publisher\" content=\"https:\/\/www.facebook.com\/ZanellaArg\" \/>\n<meta property=\"article:modified_time\" content=\"2025-10-27T20:21:22+00:00\" \/>\n<meta name=\"twitter:card\" content=\"summary_large_image\" \/>\n<meta name=\"twitter:site\" content=\"@Zanella_Arg\" \/>\n<meta name=\"twitter:label1\" content=\"Tiempo de lectura\" \/>\n\t<meta name=\"twitter:data1\" content=\"1 minuto\" \/>\n<script type=\"application\/ld+json\" class=\"yoast-schema-graph\">{\"@context\":\"https:\/\/schema.org\",\"@graph\":[{\"@type\":\"WebPage\",\"@id\":\"https:\/\/zanellaglobal.com\/ar\/aviso-legal\/\",\"url\":\"https:\/\/zanellaglobal.com\/ar\/aviso-legal\/\",\"name\":\"Aviso legal - Zanella\",\"isPartOf\":{\"@id\":\"https:\/\/zanellaglobal.com\/ar\/#website\"},\"datePublished\":\"2025-07-28T11:18:53+00:00\",\"dateModified\":\"2025-10-27T20:21:22+00:00\",\"breadcrumb\":{\"@id\":\"https:\/\/zanellaglobal.com\/ar\/aviso-legal\/#breadcrumb\"},\"inLanguage\":\"es-AR\",\"potentialAction\":[{\"@type\":\"ReadAction\",\"target\":[\"https:\/\/zanellaglobal.com\/ar\/aviso-legal\/\"]}]},{\"@type\":\"BreadcrumbList\",\"@id\":\"https:\/\/zanellaglobal.com\/ar\/aviso-legal\/#breadcrumb\",\"itemListElement\":[{\"@type\":\"ListItem\",\"position\":1,\"name\":\"Inicio\",\"item\":\"https:\/\/zanellaglobal.com\/ar\/\"},{\"@type\":\"ListItem\",\"position\":2,\"name\":\"Aviso legal\"}]},{\"@type\":\"WebSite\",\"@id\":\"https:\/\/zanellaglobal.com\/ar\/#website\",\"url\":\"https:\/\/zanellaglobal.com\/ar\/\",\"name\":\"Zanella\",\"description\":\"\",\"publisher\":{\"@id\":\"https:\/\/zanellaglobal.com\/ar\/#organization\"},\"potentialAction\":[{\"@type\":\"SearchAction\",\"target\":{\"@type\":\"EntryPoint\",\"urlTemplate\":\"https:\/\/zanellaglobal.com\/ar\/?s={search_term_string}\"},\"query-input\":{\"@type\":\"PropertyValueSpecification\",\"valueRequired\":true,\"valueName\":\"search_term_string\"}}],\"inLanguage\":\"es-AR\"},{\"@type\":\"Organization\",\"@id\":\"https:\/\/zanellaglobal.com\/ar\/#organization\",\"name\":\"Zanella\",\"url\":\"https:\/\/zanellaglobal.com\/ar\/\",\"logo\":{\"@type\":\"ImageObject\",\"inLanguage\":\"es-AR\",\"@id\":\"https:\/\/zanellaglobal.com\/ar\/#\/schema\/logo\/image\/\",\"url\":\"https:\/\/zanellaglobal.com\/ar\/wp-content\/uploads\/2025\/07\/logo-zanella.png\",\"contentUrl\":\"https:\/\/zanellaglobal.com\/ar\/wp-content\/uploads\/2025\/07\/logo-zanella.png\",\"width\":311,\"height\":87,\"caption\":\"Zanella\"},\"image\":{\"@id\":\"https:\/\/zanellaglobal.com\/ar\/#\/schema\/logo\/image\/\"},\"sameAs\":[\"https:\/\/www.facebook.com\/ZanellaArg\",\"https:\/\/x.com\/Zanella_Arg\"]}]}<\/script>\n<!-- \/ Yoast SEO plugin. -->","yoast_head_json":{"title":"Aviso legal - Zanella","robots":{"index":"index","follow":"follow","max-snippet":"max-snippet:-1","max-image-preview":"max-image-preview:large","max-video-preview":"max-video-preview:-1"},"canonical":"https:\/\/zanellaglobal.com\/ar\/aviso-legal\/","og_locale":"es_ES","og_type":"article","og_title":"Aviso legal - Zanella","og_description":"Aviso legal Zanella Hnos y CIA SACIFI no realiza contactos con consumidores con el fin de ofrecer ninguna opci\u00f3n de [&hellip;]","og_url":"https:\/\/zanellaglobal.com\/ar\/aviso-legal\/","og_site_name":"Zanella","article_publisher":"https:\/\/www.facebook.com\/ZanellaArg","article_modified_time":"2025-10-27T20:21:22+00:00","twitter_card":"summary_large_image","twitter_site":"@Zanella_Arg","twitter_misc":{"Tiempo de lectura":"1 minuto"},"schema":{"@context":"https:\/\/schema.org","@graph":[{"@type":"WebPage","@id":"https:\/\/zanellaglobal.com\/ar\/aviso-legal\/","url":"https:\/\/zanellaglobal.com\/ar\/aviso-legal\/","name":"Aviso legal - Zanella","isPartOf":{"@id":"https:\/\/zanellaglobal.com\/ar\/#website"},"datePublished":"2025-07-28T11:18:53+00:00","dateModified":"2025-10-27T20:21:22+00:00","breadcrumb":{"@id":"https:\/\/zanellaglobal.com\/ar\/aviso-legal\/#breadcrumb"},"inLanguage":"es-AR","potentialAction":[{"@type":"ReadAction","target":["https:\/\/zanellaglobal.com\/ar\/aviso-legal\/"]}]},{"@type":"BreadcrumbList","@id":"https:\/\/zanellaglobal.com\/ar\/aviso-legal\/#breadcrumb","itemListElement":[{"@type":"ListItem","position":1,"name":"Inicio","item":"https:\/\/zanellaglobal.com\/ar\/"},{"@type":"ListItem","position":2,"name":"Aviso legal"}]},{"@type":"WebSite","@id":"https:\/\/zanellaglobal.com\/ar\/#website","url":"https:\/\/zanellaglobal.com\/ar\/","name":"Zanella","description":"","publisher":{"@id":"https:\/\/zanellaglobal.com\/ar\/#organization"},"potentialAction":[{"@type":"SearchAction","target":{"@type":"EntryPoint","urlTemplate":"https:\/\/zanellaglobal.com\/ar\/?s={search_term_string}"},"query-input":{"@type":"PropertyValueSpecification","valueRequired":true,"valueName":"search_term_string"}}],"inLanguage":"es-AR"},{"@type":"Organization","@id":"https:\/\/zanellaglobal.com\/ar\/#organization","name":"Zanella","url":"https:\/\/zanellaglobal.com\/ar\/","logo":{"@type":"ImageObject","inLanguage":"es-AR","@id":"https:\/\/zanellaglobal.com\/ar\/#\/schema\/logo\/image\/","url":"https:\/\/zanellaglobal.com\/ar\/wp-content\/uploads\/2025\/07\/logo-zanella.png","contentUrl":"https:\/\/zanellaglobal.com\/ar\/wp-content\/uploads\/2025\/07\/logo-zanella.png","width":311,"height":87,"caption":"Zanella"},"image":{"@id":"https:\/\/zanellaglobal.com\/ar\/#\/schema\/logo\/image\/"},"sameAs":["https:\/\/www.facebook.com\/ZanellaArg","https:\/\/x.com\/Zanella_Arg"]}]}},"_links":{"self":[{"href":"https:\/\/zanellaglobal.com\/ar\/wp-json\/wp\/v2\/pages\/200","targetHints":{"allow":["GET"]}}],"collection":[{"href":"https:\/\/zanellaglobal.com\/ar\/wp-json\/wp\/v2\/pages"}],"about":[{"href":"https:\/\/zanellaglobal.com\/ar\/wp-json\/wp\/v2\/types\/page"}],"author":[{"embeddable":true,"href":"https:\/\/zanellaglobal.com\/ar\/wp-json\/wp\/v2\/users\/1"}],"replies":[{"embeddable":true,"href":"https:\/\/zanellaglobal.com\/ar\/wp-json\/wp\/v2\/comments?post=200"}],"version-history":[{"count":1,"href":"https:\/\/zanellaglobal.com\/ar\/wp-json\/wp\/v2\/pages\/200\/revisions"}],"predecessor-version":[{"id":2200,"href":"https:\/\/zanellaglobal.com\/ar\/wp-json\/wp\/v2\/pages\/200\/revisions\/2200"}],"wp:attachment":[{"href":"https:\/\/zanellaglobal.com\/ar\/wp-json\/wp\/v2\/media?parent=200"}],"curies":[{"name":"wp","href":"https:\/\/api.w.org\/{rel}","templated":true}]}}