{"id":141,"date":"2025-06-24T17:43:17","date_gmt":"2025-06-24T20:43:17","guid":{"rendered":"http:\/\/localhost\/zanella-v2\/?page_id=11"},"modified":"2025-09-23T15:57:10","modified_gmt":"2025-09-23T18:57:10","slug":"inicio","status":"publish","type":"page","link":"https:\/\/zanellaglobal.com\/uy\/","title":{"rendered":"Inicio"},"content":{"rendered":"\n<div class=\"wp-block-themepunch-revslider revslider\" data-modal=\"false\" data-slidertitle=\"Home\">\n\t\t\t<!-- START Home REVOLUTION SLIDER 6.5.11 --><p class=\"rs-p-wp-fix\"><\/p>\n\t\t\t<rs-module-wrap id=\"rev_slider_4_1_wrapper\" data-source=\"gallery\" style=\"visibility:hidden;background:transparent;padding:0;margin:0px auto;margin-top:0;margin-bottom:0;\">\n\t\t\t\t<rs-module id=\"rev_slider_4_1\" style=\"\" data-version=\"6.5.11\">\n\t\t\t\t\t<rs-slides>\n\t\t\t\t\t\t<rs-slide style=\"position: absolute;\" data-key=\"rs-5\" data-title=\"Da Sempre\" data-thumb=\"\/\/zanellaglobal.com\/uy\/wp-content\/uploads\/2025\/09\/slide-1-home-50x100.jpg\" data-in=\"o:0;\" data-out=\"a:false;\">\n\t\t\t\t\t\t\t<img decoding=\"async\" src=\"\/\/zanellaglobal.com\/uy\/wp-content\/plugins\/revslider\/public\/assets\/assets\/dummy.png\" title=\"slide-1-home\" width=\"1920\" height=\"1080\" class=\"rev-slidebg tp-rs-img rs-lazyload\" data-lazyload=\"\/\/zanellaglobal.com\/uy\/wp-content\/uploads\/2025\/09\/slide-1-home.jpg\" data-no-retina>\n<!--\n\t\t\t\t\t\t\t--><rs-layer\n\t\t\t\t\t\t\t\tid=\"slider-4-slide-5-layer-0\" \n\t\t\t\t\t\t\t\tdata-type=\"text\"\n\t\t\t\t\t\t\t\tdata-rsp_ch=\"on\"\n\t\t\t\t\t\t\t\tdata-xy=\"xo:100px,53px,40px,25px;yo:250px,133px,85px,52px;\"\n\t\t\t\t\t\t\t\tdata-text=\"w:normal;s:98,52,75,65;l:98,52,75,65;\"\n\t\t\t\t\t\t\t\tdata-frame_999=\"o:0;st:w;\"\n\t\t\t\t\t\t\t\tstyle=\"z-index:5;font-family:'WNBA-Extended';\"\n\t\t\t\t\t\t\t>DA<br \/>\nSEMPRE<br \/>\nPER<br \/>\nSEMPRE \n\t\t\t\t\t\t\t<\/rs-layer><!--\n\n\t\t\t\t\t\t\t--><a\n\t\t\t\t\t\t\t\tid=\"slider-4-slide-5-layer-1\" \n\t\t\t\t\t\t\t\tclass=\"rs-layer rev-btn\"\n\t\t\t\t\t\t\t\thref=\"https:\/\/zanellaglobal.com\/uy\/nuestra-historia\/\" target=\"_self\"\n\t\t\t\t\t\t\t\tdata-type=\"button\"\n\t\t\t\t\t\t\t\tdata-rsp_ch=\"on\"\n\t\t\t\t\t\t\t\tdata-xy=\"xo:100px,53px,40px,25px;yo:660px,352px,410px,322px;\"\n\t\t\t\t\t\t\t\tdata-text=\"w:normal;s:38,20,40,24;l:38,20,40,24;fw:300;\"\n\t\t\t\t\t\t\t\tdata-dim=\"minh:0px,none,none,none;\"\n\t\t\t\t\t\t\t\tdata-padding=\"t:5,3,5,5;r:20,11,15,15;b:5,3,5,5;l:20,11,15,15;\"\n\t\t\t\t\t\t\t\tdata-frame_999=\"o:0;st:w;\"\n\t\t\t\t\t\t\t\tdata-frame_hover=\"c:rgba(255,255,255,0.4);bgc:rgba(208,12,28,0.4);bor:0px,0px,0px,0px;\"\n\t\t\t\t\t\t\t\tstyle=\"z-index:6;background-color:#d00c1c;font-family:'WNBA-Extended';\"\n\t\t\t\t\t\t\t>DESDE 1948 <i class=\"fa-angle-double-right\"><\/i> \n\t\t\t\t\t\t\t<\/a><!--\n-->\t\t\t\t\t\t<\/rs-slide>\n\t\t\t\t\t\t<rs-slide style=\"position: absolute;\" data-key=\"rs-7\" data-title=\"ZR 250\" data-thumb=\"\/\/img.youtube.com\/vi\/Bml4uXLb_sQ\/sddefault.jpg\" data-duration=\"53000ms\" data-in=\"o:0;\" data-out=\"a:false;\">\n\t\t\t\t\t\t\t<img decoding=\"async\" src=\"\/\/zanellaglobal.com\/uy\/wp-content\/plugins\/revslider\/public\/assets\/assets\/dummy.png\" title=\"home-slide-3.png\" width=\"1920\" height=\"1080\" class=\"rev-slidebg tp-rs-img rs-lazyload\" data-lazyload=\"\/\/img.youtube.com\/vi\/Bml4uXLb_sQ\/sddefault.jpg\" data-no-retina>\n\t\t\t\t\t\t\t<rs-bgvideo \n\t\t\t\t\t\t\t\tdata-video=\"vc:none;w:100%;h:100%;nse:false;l:true;ptimer:false;\"\n\t\t\t\t\t\t\t\tdata-ytid=\"Bml4uXLb_sQ\"\n\t\t\t\t\t\t\t\tdata-vatr=\"version=3&amp;enablejsapi=1&amp;html5=1&amp;hd=1&amp;wmode=opaque&amp;showinfo=0&amp;rel=0&amp;origin=https:\/\/zanellaglobal.com;\"\n\t\t\t\t\t\t\t><\/rs-bgvideo>\n<!--\n\t\t\t\t\t\t\t--><rs-layer\n\t\t\t\t\t\t\t\tid=\"slider-4-slide-7-layer-0\" \n\t\t\t\t\t\t\t\tdata-type=\"text\"\n\t\t\t\t\t\t\t\tdata-rsp_ch=\"on\"\n\t\t\t\t\t\t\t\tdata-xy=\"xo:100px,53px,40px,25px;yo:420px,224px,465px,500px;\"\n\t\t\t\t\t\t\t\tdata-text=\"w:normal;s:98,52,75,50;l:98,52,75,50;fw:700;\"\n\t\t\t\t\t\t\t\tdata-frame_999=\"o:0;st:w;\"\n\t\t\t\t\t\t\t\tstyle=\"z-index:5;font-family:'WNBA-Extended';\"\n\t\t\t\t\t\t\t>NUEVA ZR<br \/>\n250 OHC \n\t\t\t\t\t\t\t<\/rs-layer><!--\n\n\t\t\t\t\t\t\t--><a\n\t\t\t\t\t\t\t\tid=\"slider-4-slide-7-layer-1\" \n\t\t\t\t\t\t\t\tclass=\"rs-layer rev-btn\"\n\t\t\t\t\t\t\t\thref=\"https:\/\/zanellaglobal.com\/uy\/blog\/producto\/zr-250\/\" target=\"_self\"\n\t\t\t\t\t\t\t\tdata-type=\"button\"\n\t\t\t\t\t\t\t\tdata-rsp_ch=\"on\"\n\t\t\t\t\t\t\t\tdata-xy=\"xo:100px,53px,40px,25px;yo:640px,341px,630px,610px;\"\n\t\t\t\t\t\t\t\tdata-text=\"w:normal;s:38,20,40,24;l:38,20,40,24;fw:300;\"\n\t\t\t\t\t\t\t\tdata-dim=\"minh:0px,none,none,none;\"\n\t\t\t\t\t\t\t\tdata-padding=\"t:5,3,5,5;r:20,11,15,15;b:5,3,5,5;l:20,11,15,15;\"\n\t\t\t\t\t\t\t\tdata-frame_999=\"o:0;st:w;\"\n\t\t\t\t\t\t\t\tdata-frame_hover=\"c:rgba(255,255,255,0.4);bgc:rgba(208,12,28,0.4);bor:0px,0px,0px,0px;\"\n\t\t\t\t\t\t\t\tstyle=\"z-index:6;background-color:#d00c1c;font-family:'WNBA-Extended';\"\n\t\t\t\t\t\t\t>DESCUBRILA <i class=\"fa-angle-double-right\"><\/i> \n\t\t\t\t\t\t\t<\/a><!--\n\n\t\t\t\t\t\t\t--><rs-layer\n\t\t\t\t\t\t\t\tid=\"slider-4-slide-7-layer-2\" \n\t\t\t\t\t\t\t\tdata-type=\"text\"\n\t\t\t\t\t\t\t\tdata-rsp_ch=\"on\"\n\t\t\t\t\t\t\t\tdata-xy=\"xo:100px,53px,40px,25px;yo:370px,197px,420px,460px;\"\n\t\t\t\t\t\t\t\tdata-text=\"w:normal;s:44,23,40,30;l:44,23,40,30;\"\n\t\t\t\t\t\t\t\tdata-frame_999=\"o:0;st:w;\"\n\t\t\t\t\t\t\t\tstyle=\"z-index:7;font-family:'WNBA-Extended';\"\n\t\t\t\t\t\t\t>ON OFF \n\t\t\t\t\t\t\t<\/rs-layer><!--\n-->\t\t\t\t\t\t<\/rs-slide>\n\t\t\t\t\t\t<rs-slide style=\"position: absolute;\" data-key=\"rs-9\" data-title=\"ZR 150\" data-thumb=\"\/\/img.youtube.com\/vi\/VKzoCXwxTbw\/sddefault.jpg\" data-duration=\"53000ms\" data-in=\"o:0;\" data-out=\"a:false;\">\n\t\t\t\t\t\t\t<img decoding=\"async\" src=\"\/\/zanellaglobal.com\/uy\/wp-content\/plugins\/revslider\/public\/assets\/assets\/dummy.png\" title=\"home-slide-3.png\" width=\"1920\" height=\"1080\" class=\"rev-slidebg tp-rs-img rs-lazyload\" data-lazyload=\"\/\/img.youtube.com\/vi\/VKzoCXwxTbw\/sddefault.jpg\" data-no-retina>\n\t\t\t\t\t\t\t<rs-bgvideo \n\t\t\t\t\t\t\t\tdata-video=\"vc:none;w:100%;h:100%;nse:false;l:true;ptimer:false;\"\n\t\t\t\t\t\t\t\tdata-ytid=\"VKzoCXwxTbw\"\n\t\t\t\t\t\t\t\tdata-vatr=\"version=3&amp;enablejsapi=1&amp;html5=1&amp;hd=1&amp;wmode=opaque&amp;showinfo=0&amp;rel=0&amp;origin=https:\/\/zanellaglobal.com;\"\n\t\t\t\t\t\t\t><\/rs-bgvideo>\n<!--\n\t\t\t\t\t\t\t--><rs-layer\n\t\t\t\t\t\t\t\tid=\"slider-4-slide-9-layer-0\" \n\t\t\t\t\t\t\t\tdata-type=\"text\"\n\t\t\t\t\t\t\t\tdata-rsp_ch=\"on\"\n\t\t\t\t\t\t\t\tdata-xy=\"xo:100px,53px,40px,25px;yo:420px,224px,465px,500px;\"\n\t\t\t\t\t\t\t\tdata-text=\"w:normal;s:98,52,75,50;l:98,52,75,50;fw:700;\"\n\t\t\t\t\t\t\t\tdata-frame_999=\"o:0;st:w;\"\n\t\t\t\t\t\t\t\tstyle=\"z-index:5;font-family:'WNBA-Extended';\"\n\t\t\t\t\t\t\t>NUEVA ZR<br \/>\n125 OHC \n\t\t\t\t\t\t\t<\/rs-layer><!--\n\n\t\t\t\t\t\t\t--><a\n\t\t\t\t\t\t\t\tid=\"slider-4-slide-9-layer-1\" \n\t\t\t\t\t\t\t\tclass=\"rs-layer rev-btn\"\n\t\t\t\t\t\t\t\thref=\"https:\/\/zanellaglobal.com\/uy\/producto\/zr-125-ohc\/\" target=\"_self\"\n\t\t\t\t\t\t\t\tdata-type=\"button\"\n\t\t\t\t\t\t\t\tdata-rsp_ch=\"on\"\n\t\t\t\t\t\t\t\tdata-xy=\"xo:100px,53px,40px,25px;yo:639px,340px,630px,610px;\"\n\t\t\t\t\t\t\t\tdata-text=\"w:normal;s:38,20,40,24;l:38,20,40,24;fw:300;\"\n\t\t\t\t\t\t\t\tdata-dim=\"minh:0px,none,none,none;\"\n\t\t\t\t\t\t\t\tdata-padding=\"t:5,3,5,5;r:20,11,15,15;b:5,3,5,5;l:20,11,15,15;\"\n\t\t\t\t\t\t\t\tdata-frame_999=\"o:0;st:w;\"\n\t\t\t\t\t\t\t\tdata-frame_hover=\"c:rgba(255,255,255,0.4);bgc:rgba(208,12,28,0.4);bor:0px,0px,0px,0px;\"\n\t\t\t\t\t\t\t\tstyle=\"z-index:6;background-color:#d00c1c;font-family:'WNBA-Extended';\"\n\t\t\t\t\t\t\t>DESCUBRILA <i class=\"fa-angle-double-right\"><\/i> \n\t\t\t\t\t\t\t<\/a><!--\n\n\t\t\t\t\t\t\t--><rs-layer\n\t\t\t\t\t\t\t\tid=\"slider-4-slide-9-layer-2\" \n\t\t\t\t\t\t\t\tdata-type=\"text\"\n\t\t\t\t\t\t\t\tdata-rsp_ch=\"on\"\n\t\t\t\t\t\t\t\tdata-xy=\"xo:100px,53px,40px,25px;yo:370px,197px,420px,460px;\"\n\t\t\t\t\t\t\t\tdata-text=\"w:normal;s:44,23,40,30;l:44,23,40,30;\"\n\t\t\t\t\t\t\t\tdata-frame_999=\"o:0;st:w;\"\n\t\t\t\t\t\t\t\tstyle=\"z-index:7;font-family:'WNBA-Extended';\"\n\t\t\t\t\t\t\t>ON OFF \n\t\t\t\t\t\t\t<\/rs-layer><!--\n-->\t\t\t\t\t\t<\/rs-slide>\n\t\t\t\t\t\t<rs-slide style=\"position: absolute;\" data-key=\"rs-11\" data-title=\"RX 150 FULL\" data-thumb=\"\/\/img.youtube.com\/vi\/vNLQLYM59cs\/sddefault.jpg\" data-duration=\"46000ms\" data-in=\"o:0;\" data-out=\"a:false;\">\n\t\t\t\t\t\t\t<img decoding=\"async\" src=\"\/\/zanellaglobal.com\/uy\/wp-content\/plugins\/revslider\/public\/assets\/assets\/dummy.png\" title=\"home-slide-3.png\" width=\"1920\" height=\"1080\" class=\"rev-slidebg tp-rs-img rs-lazyload\" data-lazyload=\"\/\/img.youtube.com\/vi\/vNLQLYM59cs\/sddefault.jpg\" data-no-retina>\n\t\t\t\t\t\t\t<rs-bgvideo \n\t\t\t\t\t\t\t\tdata-video=\"vc:none;w:100%;h:100%;nse:false;l:true;ptimer:false;\"\n\t\t\t\t\t\t\t\tdata-ytid=\"vNLQLYM59cs\"\n\t\t\t\t\t\t\t\tdata-vatr=\"version=3&amp;enablejsapi=1&amp;html5=1&amp;hd=1&amp;wmode=opaque&amp;showinfo=0&amp;rel=0&amp;origin=https:\/\/zanellaglobal.com;\"\n\t\t\t\t\t\t\t><\/rs-bgvideo>\n<!--\n\t\t\t\t\t\t\t--><rs-layer\n\t\t\t\t\t\t\t\tid=\"slider-4-slide-11-layer-0\" \n\t\t\t\t\t\t\t\tdata-type=\"text\"\n\t\t\t\t\t\t\t\tdata-rsp_ch=\"on\"\n\t\t\t\t\t\t\t\tdata-xy=\"xo:100px,53px,40px,25px;yo:420px,224px,465px,500px;\"\n\t\t\t\t\t\t\t\tdata-text=\"w:normal;s:98,52,75,50;l:98,52,75,50;fw:700;\"\n\t\t\t\t\t\t\t\tdata-frame_999=\"o:0;st:w;\"\n\t\t\t\t\t\t\t\tstyle=\"z-index:5;font-family:'WNBA-Extended';\"\n\t\t\t\t\t\t\t>RX<br \/>\n200 FULL \n\t\t\t\t\t\t\t<\/rs-layer><!--\n\n\t\t\t\t\t\t\t--><a\n\t\t\t\t\t\t\t\tid=\"slider-4-slide-11-layer-1\" \n\t\t\t\t\t\t\t\tclass=\"rs-layer rev-btn\"\n\t\t\t\t\t\t\t\thref=\"https:\/\/zanellaglobal.com\/uy\/producto\/rx-200-full\/\" target=\"_self\"\n\t\t\t\t\t\t\t\tdata-type=\"button\"\n\t\t\t\t\t\t\t\tdata-rsp_ch=\"on\"\n\t\t\t\t\t\t\t\tdata-xy=\"xo:100px,53px,40px,25px;yo:640px,341px,630px,610px;\"\n\t\t\t\t\t\t\t\tdata-text=\"w:normal;s:38,20,40,24;l:38,20,40,24;fw:300;\"\n\t\t\t\t\t\t\t\tdata-dim=\"minh:0px,none,none,none;\"\n\t\t\t\t\t\t\t\tdata-padding=\"t:5,3,5,5;r:20,11,15,15;b:5,3,5,5;l:20,11,15,15;\"\n\t\t\t\t\t\t\t\tdata-frame_999=\"o:0;st:w;\"\n\t\t\t\t\t\t\t\tdata-frame_hover=\"c:rgba(255,255,255,0.4);bgc:rgba(208,12,28,0.4);bor:0px,0px,0px,0px;\"\n\t\t\t\t\t\t\t\tstyle=\"z-index:6;background-color:#d00c1c;font-family:'WNBA-Extended';\"\n\t\t\t\t\t\t\t>PROXIMAMENTE <i class=\"fa-angle-double-right\"><\/i> \n\t\t\t\t\t\t\t<\/a><!--\n\n\t\t\t\t\t\t\t--><rs-layer\n\t\t\t\t\t\t\t\tid=\"slider-4-slide-11-layer-2\" \n\t\t\t\t\t\t\t\tdata-type=\"text\"\n\t\t\t\t\t\t\t\tdata-rsp_ch=\"on\"\n\t\t\t\t\t\t\t\tdata-xy=\"xo:100px,53px,40px,25px;yo:370px,197px,420px,460px;\"\n\t\t\t\t\t\t\t\tdata-text=\"w:normal;s:44,23,40,30;l:44,23,40,30;\"\n\t\t\t\t\t\t\t\tdata-frame_999=\"o:0;st:w;\"\n\t\t\t\t\t\t\t\tstyle=\"z-index:7;font-family:'WNBA-Extended';\"\n\t\t\t\t\t\t\t>STREET \n\t\t\t\t\t\t\t<\/rs-layer><!--\n-->\t\t\t\t\t\t<\/rs-slide>\n\t\t\t\t\t\t<rs-slide style=\"position: absolute;\" data-key=\"rs-6\" data-title=\"ZB 110 Z3 FULL\" data-thumb=\"\/\/img.youtube.com\/vi\/SgNJ65c59O8\/sddefault.jpg\" data-duration=\"45000ms\" data-in=\"o:0;\" data-out=\"a:false;\">\n\t\t\t\t\t\t\t<img decoding=\"async\" src=\"\/\/zanellaglobal.com\/uy\/wp-content\/plugins\/revslider\/public\/assets\/assets\/dummy.png\" title=\"home-slide-2.png\" width=\"1920\" height=\"1080\" class=\"rev-slidebg tp-rs-img rs-lazyload\" data-lazyload=\"\/\/img.youtube.com\/vi\/SgNJ65c59O8\/sddefault.jpg\" data-no-retina>\n\t\t\t\t\t\t\t<rs-bgvideo \n\t\t\t\t\t\t\t\tdata-video=\"vc:none;w:100%;h:100%;nse:false;l:true;ptimer:false;\"\n\t\t\t\t\t\t\t\tdata-ytid=\"SgNJ65c59O8\"\n\t\t\t\t\t\t\t\tdata-vatr=\"version=3&amp;enablejsapi=1&amp;html5=1&amp;hd=1&amp;wmode=opaque&amp;showinfo=0&amp;rel=0&amp;origin=https:\/\/zanellaglobal.com;\"\n\t\t\t\t\t\t\t><\/rs-bgvideo>\n<!--\n\t\t\t\t\t\t\t--><rs-layer\n\t\t\t\t\t\t\t\tid=\"slider-4-slide-6-layer-0\" \n\t\t\t\t\t\t\t\tdata-type=\"text\"\n\t\t\t\t\t\t\t\tdata-rsp_ch=\"on\"\n\t\t\t\t\t\t\t\tdata-xy=\"xo:100px,53px,40px,25px;yo:420px,224px,465px,500px;\"\n\t\t\t\t\t\t\t\tdata-text=\"w:normal;s:98,52,75,50;l:98,52,75,50;fw:700;\"\n\t\t\t\t\t\t\t\tdata-frame_999=\"o:0;st:w;\"\n\t\t\t\t\t\t\t\tstyle=\"z-index:5;font-family:'WNBA-Extended';\"\n\t\t\t\t\t\t\t>NUEVA ZB<br \/>\n110 FULL \n\t\t\t\t\t\t\t<\/rs-layer><!--\n\n\t\t\t\t\t\t\t--><a\n\t\t\t\t\t\t\t\tid=\"slider-4-slide-6-layer-1\" \n\t\t\t\t\t\t\t\tclass=\"rs-layer rev-btn\"\n\t\t\t\t\t\t\t\thref=\"https:\/\/zanellaglobal.com\/uy\/producto\/zb-110-full\/\" target=\"_self\"\n\t\t\t\t\t\t\t\tdata-type=\"button\"\n\t\t\t\t\t\t\t\tdata-rsp_ch=\"on\"\n\t\t\t\t\t\t\t\tdata-xy=\"xo:100px,53px,40px,25px;yo:640px,341px,630px,610px;\"\n\t\t\t\t\t\t\t\tdata-text=\"w:normal;s:38,20,40,24;l:38,20,40,24;fw:300;\"\n\t\t\t\t\t\t\t\tdata-dim=\"minh:0px,none,none,none;\"\n\t\t\t\t\t\t\t\tdata-padding=\"t:5,3,5,5;r:20,11,15,15;b:5,3,5,5;l:20,11,15,15;\"\n\t\t\t\t\t\t\t\tdata-frame_999=\"o:0;st:w;\"\n\t\t\t\t\t\t\t\tdata-frame_hover=\"c:rgba(255,255,255,0.4);bgc:rgba(208,12,28,0.4);bor:0px,0px,0px,0px;\"\n\t\t\t\t\t\t\t\tstyle=\"z-index:6;background-color:#d00c1c;font-family:'WNBA-Extended';\"\n\t\t\t\t\t\t\t>DESCUBRILA <i class=\"fa-angle-double-right\"><\/i> \n\t\t\t\t\t\t\t<\/a><!--\n\n\t\t\t\t\t\t\t--><rs-layer\n\t\t\t\t\t\t\t\tid=\"slider-4-slide-6-layer-2\" \n\t\t\t\t\t\t\t\tdata-type=\"text\"\n\t\t\t\t\t\t\t\tdata-rsp_ch=\"on\"\n\t\t\t\t\t\t\t\tdata-xy=\"xo:100px,53px,40px,25px;yo:370px,197px,420px,460px;\"\n\t\t\t\t\t\t\t\tdata-text=\"w:normal;s:44,23,40,30;l:44,23,40,30;\"\n\t\t\t\t\t\t\t\tdata-frame_999=\"o:0;st:w;\"\n\t\t\t\t\t\t\t\tstyle=\"z-index:7;font-family:'WNBA-Extended';\"\n\t\t\t\t\t\t\t>URBANA \n\t\t\t\t\t\t\t<\/rs-layer><!--\n-->\t\t\t\t\t\t<\/rs-slide>\n\t\t\t\t\t\t<rs-slide style=\"position: absolute;\" data-key=\"rs-8\" data-title=\"DUE 125 SPORT\" data-thumb=\"\/\/img.youtube.com\/vi\/moIRMzHvjpM\/sddefault.jpg\" data-duration=\"54000ms\" data-in=\"o:0;\" data-out=\"a:false;\">\n\t\t\t\t\t\t\t<img decoding=\"async\" src=\"\/\/zanellaglobal.com\/uy\/wp-content\/plugins\/revslider\/public\/assets\/assets\/dummy.png\" title=\"home-slide-2.png\" width=\"1920\" height=\"1080\" class=\"rev-slidebg tp-rs-img rs-lazyload\" data-lazyload=\"\/\/img.youtube.com\/vi\/moIRMzHvjpM\/sddefault.jpg\" data-no-retina>\n\t\t\t\t\t\t\t<rs-bgvideo \n\t\t\t\t\t\t\t\tdata-video=\"vc:none;w:100%;h:100%;nse:false;l:true;ptimer:false;\"\n\t\t\t\t\t\t\t\tdata-ytid=\"moIRMzHvjpM\"\n\t\t\t\t\t\t\t\tdata-vatr=\"version=3&amp;enablejsapi=1&amp;html5=1&amp;hd=1&amp;wmode=opaque&amp;showinfo=0&amp;rel=0&amp;origin=https:\/\/zanellaglobal.com;\"\n\t\t\t\t\t\t\t><\/rs-bgvideo>\n<!--\n\t\t\t\t\t\t\t--><rs-layer\n\t\t\t\t\t\t\t\tid=\"slider-4-slide-8-layer-0\" \n\t\t\t\t\t\t\t\tdata-type=\"text\"\n\t\t\t\t\t\t\t\tdata-rsp_ch=\"on\"\n\t\t\t\t\t\t\t\tdata-xy=\"xo:100px,53px,40px,25px;yo:420px,224px,465px,500px;\"\n\t\t\t\t\t\t\t\tdata-text=\"w:normal;s:98,52,75,50;l:98,52,75,50;fw:700;\"\n\t\t\t\t\t\t\t\tdata-frame_999=\"o:0;st:w;\"\n\t\t\t\t\t\t\t\tstyle=\"z-index:5;font-family:'WNBA-Extended';\"\n\t\t\t\t\t\t\t>NUEVA DUE<br \/>\n125 FULL \n\t\t\t\t\t\t\t<\/rs-layer><!--\n\n\t\t\t\t\t\t\t--><a\n\t\t\t\t\t\t\t\tid=\"slider-4-slide-8-layer-1\" \n\t\t\t\t\t\t\t\tclass=\"rs-layer rev-btn\"\n\t\t\t\t\t\t\t\thref=\"https:\/\/zanellaglobal.com\/uy\/producto\/due-125-sport\/\" target=\"_self\"\n\t\t\t\t\t\t\t\tdata-type=\"button\"\n\t\t\t\t\t\t\t\tdata-rsp_ch=\"on\"\n\t\t\t\t\t\t\t\tdata-xy=\"xo:100px,53px,40px,25px;yo:640px,341px,630px,610px;\"\n\t\t\t\t\t\t\t\tdata-text=\"w:normal;s:38,20,40,24;l:38,20,40,24;fw:300;\"\n\t\t\t\t\t\t\t\tdata-dim=\"minh:0px,none,none,none;\"\n\t\t\t\t\t\t\t\tdata-padding=\"t:5,3,5,5;r:20,11,15,15;b:5,3,5,5;l:20,11,15,15;\"\n\t\t\t\t\t\t\t\tdata-frame_999=\"o:0;st:w;\"\n\t\t\t\t\t\t\t\tdata-frame_hover=\"c:rgba(255,255,255,0.4);bgc:rgba(208,12,28,0.4);bor:0px,0px,0px,0px;\"\n\t\t\t\t\t\t\t\tstyle=\"z-index:6;background-color:#d00c1c;font-family:'WNBA-Extended';\"\n\t\t\t\t\t\t\t>DESCUBRILA <i class=\"fa-angle-double-right\"><\/i> \n\t\t\t\t\t\t\t<\/a><!--\n\n\t\t\t\t\t\t\t--><rs-layer\n\t\t\t\t\t\t\t\tid=\"slider-4-slide-8-layer-2\" \n\t\t\t\t\t\t\t\tdata-type=\"text\"\n\t\t\t\t\t\t\t\tdata-rsp_ch=\"on\"\n\t\t\t\t\t\t\t\tdata-xy=\"xo:100px,53px,40px,25px;yo:370px,197px,420px,460px;\"\n\t\t\t\t\t\t\t\tdata-text=\"w:normal;s:44,23,40,30;l:44,23,40,30;\"\n\t\t\t\t\t\t\t\tdata-frame_999=\"o:0;st:w;\"\n\t\t\t\t\t\t\t\tstyle=\"z-index:7;font-family:'WNBA-Extended';\"\n\t\t\t\t\t\t\t>URBANA \n\t\t\t\t\t\t\t<\/rs-layer><!--\n-->\t\t\t\t\t\t<\/rs-slide>\n\t\t\t\t\t<\/rs-slides>\n\t\t\t\t<\/rs-module>\n\t\t\t\t<script type=\"text\/javascript\">\n\t\t\t\t\tsetREVStartSize({c: 'rev_slider_4_1',rl:[1240,1024,778,480],el:[880,576,1040,865],gw:[1920,1024,778,480],gh:[880,576,1040,865],type:'standard',justify:'',layout:'fullwidth',mh:\"0\"});if (window.RS_MODULES!==undefined && window.RS_MODULES.modules!==undefined && window.RS_MODULES.modules[\"revslider41\"]!==undefined) {window.RS_MODULES.modules[\"revslider41\"].once = false;window.revapi4 = undefined;if (window.RS_MODULES.checkMinimal!==undefined) window.RS_MODULES.checkMinimal()}\n\t\t\t\t<\/script>\n\t\t\t\t<script src=\"https:\/\/www.youtube.com\/iframe_api\"><\/script>\n\t\t\t<\/rs-module-wrap>\n\t\t\t<!-- END REVOLUTION SLIDER -->\n<\/div>\n","protected":false},"excerpt":{"rendered":"","protected":false},"author":1,"featured_media":0,"parent":0,"menu_order":0,"comment_status":"closed","ping_status":"closed","template":"","meta":{"_acf_changed":false,"inline_featured_image":false,"footnotes":""},"class_list":["post-141","page","type-page","status-publish","hentry"],"acf":[],"yoast_head":"<!-- This site is optimized with the Yoast SEO plugin v27.0 - https:\/\/yoast.com\/product\/yoast-seo-wordpress\/ -->\n<title>Motocicletas de Alta Calidad | Zanella Global<\/title>\n<meta name=\"description\" content=\"Descubr\u00ed el mundo de Zanella. Motocicletas de \u00faltima generaci\u00f3n, dise\u00f1o innovador y rendimiento superior. Conoce todos nuestros modelos.\" \/>\n<meta name=\"robots\" content=\"index, follow, max-snippet:-1, max-image-preview:large, max-video-preview:-1\" \/>\n<link rel=\"canonical\" href=\"https:\/\/zanellaglobal.com\/uy\/\" \/>\n<meta property=\"og:locale\" content=\"es_ES\" \/>\n<meta property=\"og:type\" content=\"article\" \/>\n<meta property=\"og:title\" content=\"Motocicletas de Alta Calidad | Zanella Global\" \/>\n<meta property=\"og:description\" content=\"Descubr\u00ed el mundo de Zanella. Motocicletas de \u00faltima generaci\u00f3n, dise\u00f1o innovador y rendimiento superior. Conoce todos nuestros modelos.\" \/>\n<meta property=\"og:url\" content=\"https:\/\/zanellaglobal.com\/uy\/\" \/>\n<meta property=\"og:site_name\" content=\"Zanella\" \/>\n<meta property=\"article:publisher\" content=\"https:\/\/www.facebook.com\/ZanellaArg\" \/>\n<meta property=\"article:modified_time\" content=\"2025-09-23T18:57:10+00:00\" \/>\n<meta name=\"twitter:card\" content=\"summary_large_image\" \/>\n<meta name=\"twitter:site\" content=\"@Zanella_Arg\" \/>\n<meta name=\"twitter:label1\" content=\"Tiempo de lectura\" \/>\n\t<meta name=\"twitter:data1\" content=\"1 minuto\" \/>\n<script type=\"application\/ld+json\" class=\"yoast-schema-graph\">{\"@context\":\"https:\/\/schema.org\",\"@graph\":[{\"@type\":\"WebPage\",\"@id\":\"https:\/\/zanellaglobal.com\/uy\/\",\"url\":\"https:\/\/zanellaglobal.com\/uy\/\",\"name\":\"Motocicletas de Alta Calidad | Zanella Global\",\"isPartOf\":{\"@id\":\"https:\/\/zanellaglobal.com\/uy\/#website\"},\"datePublished\":\"2025-06-24T20:43:17+00:00\",\"dateModified\":\"2025-09-23T18:57:10+00:00\",\"description\":\"Descubr\u00ed el mundo de Zanella. Motocicletas de \u00faltima generaci\u00f3n, dise\u00f1o innovador y rendimiento superior. Conoce todos nuestros modelos.\",\"breadcrumb\":{\"@id\":\"https:\/\/zanellaglobal.com\/uy\/#breadcrumb\"},\"inLanguage\":\"es-AR\",\"potentialAction\":[{\"@type\":\"ReadAction\",\"target\":[\"https:\/\/zanellaglobal.com\/uy\/\"]}]},{\"@type\":\"BreadcrumbList\",\"@id\":\"https:\/\/zanellaglobal.com\/uy\/#breadcrumb\",\"itemListElement\":[{\"@type\":\"ListItem\",\"position\":1,\"name\":\"Inicio\",\"item\":\"https:\/\/zanellaglobal.com\/uy\/\"},{\"@type\":\"ListItem\",\"position\":2,\"name\":\"Inicio\"}]},{\"@type\":\"WebSite\",\"@id\":\"https:\/\/zanellaglobal.com\/uy\/#website\",\"url\":\"https:\/\/zanellaglobal.com\/uy\/\",\"name\":\"Zanella\",\"description\":\"\",\"publisher\":{\"@id\":\"https:\/\/zanellaglobal.com\/uy\/#organization\"},\"potentialAction\":[{\"@type\":\"SearchAction\",\"target\":{\"@type\":\"EntryPoint\",\"urlTemplate\":\"https:\/\/zanellaglobal.com\/uy\/?s={search_term_string}\"},\"query-input\":{\"@type\":\"PropertyValueSpecification\",\"valueRequired\":true,\"valueName\":\"search_term_string\"}}],\"inLanguage\":\"es-AR\"},{\"@type\":\"Organization\",\"@id\":\"https:\/\/zanellaglobal.com\/uy\/#organization\",\"name\":\"Zanella\",\"url\":\"https:\/\/zanellaglobal.com\/uy\/\",\"logo\":{\"@type\":\"ImageObject\",\"inLanguage\":\"es-AR\",\"@id\":\"https:\/\/zanellaglobal.com\/uy\/#\/schema\/logo\/image\/\",\"url\":\"https:\/\/zanellaglobal.com\/uy\/wp-content\/uploads\/2025\/07\/logo-zanella.png\",\"contentUrl\":\"https:\/\/zanellaglobal.com\/uy\/wp-content\/uploads\/2025\/07\/logo-zanella.png\",\"width\":311,\"height\":87,\"caption\":\"Zanella\"},\"image\":{\"@id\":\"https:\/\/zanellaglobal.com\/uy\/#\/schema\/logo\/image\/\"},\"sameAs\":[\"https:\/\/www.facebook.com\/ZanellaArg\",\"https:\/\/x.com\/Zanella_Arg\"]}]}<\/script>\n<!-- \/ Yoast SEO plugin. -->","yoast_head_json":{"title":"Motocicletas de Alta Calidad | Zanella Global","description":"Descubr\u00ed el mundo de Zanella. Motocicletas de \u00faltima generaci\u00f3n, dise\u00f1o innovador y rendimiento superior. Conoce todos nuestros modelos.","robots":{"index":"index","follow":"follow","max-snippet":"max-snippet:-1","max-image-preview":"max-image-preview:large","max-video-preview":"max-video-preview:-1"},"canonical":"https:\/\/zanellaglobal.com\/uy\/","og_locale":"es_ES","og_type":"article","og_title":"Motocicletas de Alta Calidad | Zanella Global","og_description":"Descubr\u00ed el mundo de Zanella. Motocicletas de \u00faltima generaci\u00f3n, dise\u00f1o innovador y rendimiento superior. Conoce todos nuestros modelos.","og_url":"https:\/\/zanellaglobal.com\/uy\/","og_site_name":"Zanella","article_publisher":"https:\/\/www.facebook.com\/ZanellaArg","article_modified_time":"2025-09-23T18:57:10+00:00","twitter_card":"summary_large_image","twitter_site":"@Zanella_Arg","twitter_misc":{"Tiempo de lectura":"1 minuto"},"schema":{"@context":"https:\/\/schema.org","@graph":[{"@type":"WebPage","@id":"https:\/\/zanellaglobal.com\/uy\/","url":"https:\/\/zanellaglobal.com\/uy\/","name":"Motocicletas de Alta Calidad | Zanella Global","isPartOf":{"@id":"https:\/\/zanellaglobal.com\/uy\/#website"},"datePublished":"2025-06-24T20:43:17+00:00","dateModified":"2025-09-23T18:57:10+00:00","description":"Descubr\u00ed el mundo de Zanella. Motocicletas de \u00faltima generaci\u00f3n, dise\u00f1o innovador y rendimiento superior. Conoce todos nuestros modelos.","breadcrumb":{"@id":"https:\/\/zanellaglobal.com\/uy\/#breadcrumb"},"inLanguage":"es-AR","potentialAction":[{"@type":"ReadAction","target":["https:\/\/zanellaglobal.com\/uy\/"]}]},{"@type":"BreadcrumbList","@id":"https:\/\/zanellaglobal.com\/uy\/#breadcrumb","itemListElement":[{"@type":"ListItem","position":1,"name":"Inicio","item":"https:\/\/zanellaglobal.com\/uy\/"},{"@type":"ListItem","position":2,"name":"Inicio"}]},{"@type":"WebSite","@id":"https:\/\/zanellaglobal.com\/uy\/#website","url":"https:\/\/zanellaglobal.com\/uy\/","name":"Zanella","description":"","publisher":{"@id":"https:\/\/zanellaglobal.com\/uy\/#organization"},"potentialAction":[{"@type":"SearchAction","target":{"@type":"EntryPoint","urlTemplate":"https:\/\/zanellaglobal.com\/uy\/?s={search_term_string}"},"query-input":{"@type":"PropertyValueSpecification","valueRequired":true,"valueName":"search_term_string"}}],"inLanguage":"es-AR"},{"@type":"Organization","@id":"https:\/\/zanellaglobal.com\/uy\/#organization","name":"Zanella","url":"https:\/\/zanellaglobal.com\/uy\/","logo":{"@type":"ImageObject","inLanguage":"es-AR","@id":"https:\/\/zanellaglobal.com\/uy\/#\/schema\/logo\/image\/","url":"https:\/\/zanellaglobal.com\/uy\/wp-content\/uploads\/2025\/07\/logo-zanella.png","contentUrl":"https:\/\/zanellaglobal.com\/uy\/wp-content\/uploads\/2025\/07\/logo-zanella.png","width":311,"height":87,"caption":"Zanella"},"image":{"@id":"https:\/\/zanellaglobal.com\/uy\/#\/schema\/logo\/image\/"},"sameAs":["https:\/\/www.facebook.com\/ZanellaArg","https:\/\/x.com\/Zanella_Arg"]}]}},"_links":{"self":[{"href":"https:\/\/zanellaglobal.com\/uy\/wp-json\/wp\/v2\/pages\/141","targetHints":{"allow":["GET"]}}],"collection":[{"href":"https:\/\/zanellaglobal.com\/uy\/wp-json\/wp\/v2\/pages"}],"about":[{"href":"https:\/\/zanellaglobal.com\/uy\/wp-json\/wp\/v2\/types\/page"}],"author":[{"embeddable":true,"href":"https:\/\/zanellaglobal.com\/uy\/wp-json\/wp\/v2\/users\/1"}],"replies":[{"embeddable":true,"href":"https:\/\/zanellaglobal.com\/uy\/wp-json\/wp\/v2\/comments?post=141"}],"version-history":[{"count":4,"href":"https:\/\/zanellaglobal.com\/uy\/wp-json\/wp\/v2\/pages\/141\/revisions"}],"predecessor-version":[{"id":1826,"href":"https:\/\/zanellaglobal.com\/uy\/wp-json\/wp\/v2\/pages\/141\/revisions\/1826"}],"wp:attachment":[{"href":"https:\/\/zanellaglobal.com\/uy\/wp-json\/wp\/v2\/media?parent=141"}],"curies":[{"name":"wp","href":"https:\/\/api.w.org\/{rel}","templated":true}]}}