{"id":207,"date":"2025-07-28T17:35:43","date_gmt":"2025-07-28T20:35:43","guid":{"rendered":"http:\/\/localhost\/zanella-v2\/?page_id=207"},"modified":"2025-09-23T16:11:17","modified_gmt":"2025-09-23T19:11:17","slug":"nuestra-historia","status":"publish","type":"page","link":"https:\/\/zanellaglobal.com\/uy\/nuestra-historia\/","title":{"rendered":"Nuestra Historia"},"content":{"rendered":"\n<div class=\"wp-block-themepunch-revslider revslider\" data-modal=\"false\" data-slidertitle=\"Historia Page\">\n\t\t\t<!-- START Historia Page REVOLUTION SLIDER 6.5.11 --><p class=\"rs-p-wp-fix\"><\/p>\n\t\t\t<rs-module-wrap id=\"rev_slider_2_1_wrapper\" data-source=\"gallery\" style=\"visibility:hidden;background:transparent;padding:0;margin:0px auto;margin-top:0;margin-bottom:0;\">\n\t\t\t\t<rs-module id=\"rev_slider_2_1\" style=\"\" data-version=\"6.5.11\">\n\t\t\t\t\t<rs-slides>\n\t\t\t\t\t\t<rs-slide style=\"position: absolute;\" data-key=\"rs-2\" data-title=\"Da Sempre\" data-in=\"o:0;\" data-out=\"a:false;\">\n\t\t\t\t\t\t\t<img decoding=\"async\" src=\"\/\/zanellaglobal.com\/uy\/wp-content\/plugins\/revslider\/public\/assets\/assets\/dummy.png\" title=\"slide-1-home\" width=\"1920\" height=\"1080\" class=\"rev-slidebg tp-rs-img rs-lazyload\" data-lazyload=\"\/\/zanellaglobal.com\/uy\/wp-content\/uploads\/2025\/09\/slide-1-home.jpg\" data-no-retina>\n<!--\n\t\t\t\t\t\t\t--><rs-layer\n\t\t\t\t\t\t\t\tid=\"slider-2-slide-2-layer-0\" \n\t\t\t\t\t\t\t\tdata-type=\"text\"\n\t\t\t\t\t\t\t\tdata-rsp_ch=\"on\"\n\t\t\t\t\t\t\t\tdata-xy=\"xo:100px,53px,40px,25px;yo:300px,160px,85px,52px;\"\n\t\t\t\t\t\t\t\tdata-text=\"w:normal;s:98,52,75,65;l:98,52,75,65;\"\n\t\t\t\t\t\t\t\tdata-frame_999=\"o:0;st:w;\"\n\t\t\t\t\t\t\t\tstyle=\"z-index:5;font-family:'WNBA-Extended';\"\n\t\t\t\t\t\t\t>DA<br \/>\nSEMPRE<br \/>\nPER<br \/>\nSEMPRE \n\t\t\t\t\t\t\t<\/rs-layer><!--\n\n\t\t\t\t\t\t\t--><rs-layer\n\t\t\t\t\t\t\t\tid=\"slider-2-slide-2-layer-1\" \n\t\t\t\t\t\t\t\tclass=\"rev-btn\"\n\t\t\t\t\t\t\t\tdata-type=\"button\"\n\t\t\t\t\t\t\t\tdata-rsp_ch=\"on\"\n\t\t\t\t\t\t\t\tdata-xy=\"xo:100px,53px,40px,25px;yo:710px,378px,410px,322px;\"\n\t\t\t\t\t\t\t\tdata-text=\"w:normal;s:38,20,40,24;l:38,20,40,24;fw:300;\"\n\t\t\t\t\t\t\t\tdata-dim=\"minh:0px,none,none,none;\"\n\t\t\t\t\t\t\t\tdata-padding=\"t:5,3,5,5;r:20,11,15,15;b:5,3,5,5;l:20,11,15,15;\"\n\t\t\t\t\t\t\t\tdata-frame_999=\"o:0;st:w;\"\n\t\t\t\t\t\t\t\tdata-frame_hover=\"c:rgba(255,255,255,0.4);bgc:rgba(208,12,28,0.4);bor:0px,0px,0px,0px;\"\n\t\t\t\t\t\t\t\tstyle=\"z-index:6;background-color:#d00c1c;font-family:'WNBA-Extended';\"\n\t\t\t\t\t\t\t>DESDE 1948 <i class=\"fa-angle-double-right\"><\/i> \n\t\t\t\t\t\t\t<\/rs-layer><!--\n-->\t\t\t\t\t\t<\/rs-slide>\n\t\t\t\t\t<\/rs-slides>\n\t\t\t\t<\/rs-module>\n\t\t\t\t<script type=\"text\/javascript\">\n\t\t\t\t\tsetREVStartSize({c: 'rev_slider_2_1',rl:[1240,1024,778,480],el:[880,576,1040,865],gw:[1920,1024,778,480],gh:[880,576,1040,865],type:'standard',justify:'',layout:'fullwidth',mh:\"0\"});if (window.RS_MODULES!==undefined && window.RS_MODULES.modules!==undefined && window.RS_MODULES.modules[\"revslider21\"]!==undefined) {window.RS_MODULES.modules[\"revslider21\"].once = false;window.revapi2 = undefined;if (window.RS_MODULES.checkMinimal!==undefined) window.RS_MODULES.checkMinimal()}\n\t\t\t\t<\/script>\n\t\t\t<\/rs-module-wrap>\n\t\t\t<!-- END REVOLUTION SLIDER -->\n<\/div>\n\n\n\n<div class=\"wp-block-themepunch-revslider revslider\" data-modal=\"false\" data-slidertitle=\"Historia Video\">\n\t\t\t<!-- START Historia Video REVOLUTION SLIDER 6.5.11 --><p class=\"rs-p-wp-fix\"><\/p>\n\t\t\t<rs-module-wrap id=\"rev_slider_1_2_wrapper\" data-source=\"gallery\" style=\"visibility:hidden;background:transparent;padding:0;margin:0px auto;margin-top:0;margin-bottom:0;\">\n\t\t\t\t<rs-module id=\"rev_slider_1_2\" style=\"\" data-version=\"6.5.11\">\n\t\t\t\t\t<rs-slides>\n\t\t\t\t\t\t<rs-slide style=\"position: absolute;\" data-key=\"rs-1\" data-title=\"Video Historia\" data-thumb=\"\/\/img.youtube.com\/vi\/DS79hDlWN40\/sddefault.jpg\" data-duration=\"44000ms\" data-in=\"o:0;\" data-out=\"a:false;\">\n\t\t\t\t\t\t\t<img decoding=\"async\" src=\"\/\/zanellaglobal.com\/uy\/wp-content\/plugins\/revslider\/public\/assets\/assets\/dummy.png\" title=\"Nuestra Historia\" class=\"rev-slidebg tp-rs-img rs-lazyload\" data-lazyload=\"\/\/img.youtube.com\/vi\/DS79hDlWN40\/sddefault.jpg\" data-no-retina>\n\t\t\t\t\t\t\t<rs-bgvideo \n\t\t\t\t\t\t\t\tdata-video=\"vc:none;w:100%;h:100%;nse:false;l:true;ptimer:false;\"\n\t\t\t\t\t\t\t\tdata-ytid=\"DS79hDlWN40\"\n\t\t\t\t\t\t\t\tdata-vatr=\"version=3&amp;enablejsapi=1&amp;html5=1&amp;hd=1&amp;wmode=opaque&amp;showinfo=0&amp;rel=0&amp;origin=https:\/\/zanellaglobal.com;\"\n\t\t\t\t\t\t\t><\/rs-bgvideo>\n<!---->\t\t\t\t\t\t<\/rs-slide>\n\t\t\t\t\t\t<rs-slide style=\"position: absolute;\" data-key=\"rs-10\" data-title=\"Video Huella\" data-thumb=\"\/\/img.youtube.com\/vi\/bHZKhV4mJ8M\/sddefault.jpg\" data-duration=\"58000ms\" data-in=\"o:0;\" data-out=\"a:false;\">\n\t\t\t\t\t\t\t<img decoding=\"async\" src=\"\/\/zanellaglobal.com\/uy\/wp-content\/plugins\/revslider\/public\/assets\/assets\/dummy.png\" title=\"Nuestra Historia\" class=\"rev-slidebg tp-rs-img rs-lazyload\" data-lazyload=\"\/\/img.youtube.com\/vi\/bHZKhV4mJ8M\/sddefault.jpg\" data-no-retina>\n\t\t\t\t\t\t\t<rs-bgvideo \n\t\t\t\t\t\t\t\tdata-video=\"vc:none;w:100%;h:100%;nse:false;l:true;ptimer:false;\"\n\t\t\t\t\t\t\t\tdata-ytid=\"bHZKhV4mJ8M\"\n\t\t\t\t\t\t\t\tdata-vatr=\"version=3&amp;enablejsapi=1&amp;html5=1&amp;hd=1&amp;wmode=opaque&amp;showinfo=0&amp;rel=0&amp;origin=https:\/\/zanellaglobal.com;\"\n\t\t\t\t\t\t\t><\/rs-bgvideo>\n<!---->\t\t\t\t\t\t<\/rs-slide>\n\t\t\t\t\t<\/rs-slides>\n\t\t\t\t<\/rs-module>\n\t\t\t\t<script type=\"text\/javascript\">\n\t\t\t\t\tsetREVStartSize({c: 'rev_slider_1_2',rl:[1240,1024,778,480],el:[1080,576,1040,865],gw:[1920,1024,778,480],gh:[1080,576,1040,865],type:'standard',justify:'',layout:'fullwidth',mh:\"0\"});if (window.RS_MODULES!==undefined && window.RS_MODULES.modules!==undefined && window.RS_MODULES.modules[\"revslider12\"]!==undefined) {window.RS_MODULES.modules[\"revslider12\"].once = false;window.revapi1 = undefined;if (window.RS_MODULES.checkMinimal!==undefined) window.RS_MODULES.checkMinimal()}\n\t\t\t\t<\/script>\n\t\t\t\t<script src=\"https:\/\/www.youtube.com\/iframe_api\"><\/script>\n\t\t\t<\/rs-module-wrap>\n\t\t\t<!-- END REVOLUTION SLIDER -->\n<\/div>\n","protected":false},"excerpt":{"rendered":"","protected":false},"author":1,"featured_media":0,"parent":0,"menu_order":0,"comment_status":"closed","ping_status":"closed","template":"template-parts\/template-nuestra-historia.php","meta":{"_acf_changed":false,"inline_featured_image":false,"footnotes":""},"class_list":["post-207","page","type-page","status-publish","hentry"],"acf":[],"yoast_head":"<!-- This site is optimized with the Yoast SEO plugin v27.0 - https:\/\/yoast.com\/product\/yoast-seo-wordpress\/ -->\n<title>Historia de Zanella | Pasi\u00f3n por las Motos desde 1948<\/title>\n<meta name=\"description\" content=\"Conoc\u00e9 la historia de Zanella, una marca con esp\u00edritu rebelde, compromiso con la calidad y tradici\u00f3n en el mundo de las motocicletas.\" \/>\n<meta name=\"robots\" content=\"index, follow, max-snippet:-1, max-image-preview:large, max-video-preview:-1\" \/>\n<link rel=\"canonical\" href=\"https:\/\/zanellaglobal.com\/uy\/nuestra-historia\/\" \/>\n<meta property=\"og:locale\" content=\"es_ES\" \/>\n<meta property=\"og:type\" content=\"article\" \/>\n<meta property=\"og:title\" content=\"Historia de Zanella | Pasi\u00f3n por las Motos desde 1948\" \/>\n<meta property=\"og:description\" content=\"Conoc\u00e9 la historia de Zanella, una marca con esp\u00edritu rebelde, compromiso con la calidad y tradici\u00f3n en el mundo de las motocicletas.\" \/>\n<meta property=\"og:url\" content=\"https:\/\/zanellaglobal.com\/uy\/nuestra-historia\/\" \/>\n<meta property=\"og:site_name\" content=\"Zanella\" \/>\n<meta property=\"article:publisher\" content=\"https:\/\/www.facebook.com\/ZanellaArg\" \/>\n<meta property=\"article:modified_time\" content=\"2025-09-23T19:11:17+00:00\" \/>\n<meta name=\"twitter:card\" content=\"summary_large_image\" \/>\n<meta name=\"twitter:site\" content=\"@Zanella_Arg\" \/>\n<meta name=\"twitter:label1\" content=\"Tiempo de lectura\" \/>\n\t<meta name=\"twitter:data1\" content=\"1 minuto\" \/>\n<script type=\"application\/ld+json\" class=\"yoast-schema-graph\">{\"@context\":\"https:\/\/schema.org\",\"@graph\":[{\"@type\":\"WebPage\",\"@id\":\"https:\/\/zanellaglobal.com\/uy\/nuestra-historia\/\",\"url\":\"https:\/\/zanellaglobal.com\/uy\/nuestra-historia\/\",\"name\":\"Historia de Zanella | Pasi\u00f3n por las Motos desde 1948\",\"isPartOf\":{\"@id\":\"https:\/\/zanellaglobal.com\/uy\/#website\"},\"datePublished\":\"2025-07-28T20:35:43+00:00\",\"dateModified\":\"2025-09-23T19:11:17+00:00\",\"description\":\"Conoc\u00e9 la historia de Zanella, una marca con esp\u00edritu rebelde, compromiso con la calidad y tradici\u00f3n en el mundo de las motocicletas.\",\"breadcrumb\":{\"@id\":\"https:\/\/zanellaglobal.com\/uy\/nuestra-historia\/#breadcrumb\"},\"inLanguage\":\"es-AR\",\"potentialAction\":[{\"@type\":\"ReadAction\",\"target\":[\"https:\/\/zanellaglobal.com\/uy\/nuestra-historia\/\"]}]},{\"@type\":\"BreadcrumbList\",\"@id\":\"https:\/\/zanellaglobal.com\/uy\/nuestra-historia\/#breadcrumb\",\"itemListElement\":[{\"@type\":\"ListItem\",\"position\":1,\"name\":\"Inicio\",\"item\":\"https:\/\/zanellaglobal.com\/uy\/\"},{\"@type\":\"ListItem\",\"position\":2,\"name\":\"Nuestra Historia\"}]},{\"@type\":\"WebSite\",\"@id\":\"https:\/\/zanellaglobal.com\/uy\/#website\",\"url\":\"https:\/\/zanellaglobal.com\/uy\/\",\"name\":\"Zanella\",\"description\":\"\",\"publisher\":{\"@id\":\"https:\/\/zanellaglobal.com\/uy\/#organization\"},\"potentialAction\":[{\"@type\":\"SearchAction\",\"target\":{\"@type\":\"EntryPoint\",\"urlTemplate\":\"https:\/\/zanellaglobal.com\/uy\/?s={search_term_string}\"},\"query-input\":{\"@type\":\"PropertyValueSpecification\",\"valueRequired\":true,\"valueName\":\"search_term_string\"}}],\"inLanguage\":\"es-AR\"},{\"@type\":\"Organization\",\"@id\":\"https:\/\/zanellaglobal.com\/uy\/#organization\",\"name\":\"Zanella\",\"url\":\"https:\/\/zanellaglobal.com\/uy\/\",\"logo\":{\"@type\":\"ImageObject\",\"inLanguage\":\"es-AR\",\"@id\":\"https:\/\/zanellaglobal.com\/uy\/#\/schema\/logo\/image\/\",\"url\":\"https:\/\/zanellaglobal.com\/uy\/wp-content\/uploads\/2025\/07\/logo-zanella.png\",\"contentUrl\":\"https:\/\/zanellaglobal.com\/uy\/wp-content\/uploads\/2025\/07\/logo-zanella.png\",\"width\":311,\"height\":87,\"caption\":\"Zanella\"},\"image\":{\"@id\":\"https:\/\/zanellaglobal.com\/uy\/#\/schema\/logo\/image\/\"},\"sameAs\":[\"https:\/\/www.facebook.com\/ZanellaArg\",\"https:\/\/x.com\/Zanella_Arg\"]}]}<\/script>\n<!-- \/ Yoast SEO plugin. -->","yoast_head_json":{"title":"Historia de Zanella | Pasi\u00f3n por las Motos desde 1948","description":"Conoc\u00e9 la historia de Zanella, una marca con esp\u00edritu rebelde, compromiso con la calidad y tradici\u00f3n en el mundo de las motocicletas.","robots":{"index":"index","follow":"follow","max-snippet":"max-snippet:-1","max-image-preview":"max-image-preview:large","max-video-preview":"max-video-preview:-1"},"canonical":"https:\/\/zanellaglobal.com\/uy\/nuestra-historia\/","og_locale":"es_ES","og_type":"article","og_title":"Historia de Zanella | Pasi\u00f3n por las Motos desde 1948","og_description":"Conoc\u00e9 la historia de Zanella, una marca con esp\u00edritu rebelde, compromiso con la calidad y tradici\u00f3n en el mundo de las motocicletas.","og_url":"https:\/\/zanellaglobal.com\/uy\/nuestra-historia\/","og_site_name":"Zanella","article_publisher":"https:\/\/www.facebook.com\/ZanellaArg","article_modified_time":"2025-09-23T19:11:17+00:00","twitter_card":"summary_large_image","twitter_site":"@Zanella_Arg","twitter_misc":{"Tiempo de lectura":"1 minuto"},"schema":{"@context":"https:\/\/schema.org","@graph":[{"@type":"WebPage","@id":"https:\/\/zanellaglobal.com\/uy\/nuestra-historia\/","url":"https:\/\/zanellaglobal.com\/uy\/nuestra-historia\/","name":"Historia de Zanella | Pasi\u00f3n por las Motos desde 1948","isPartOf":{"@id":"https:\/\/zanellaglobal.com\/uy\/#website"},"datePublished":"2025-07-28T20:35:43+00:00","dateModified":"2025-09-23T19:11:17+00:00","description":"Conoc\u00e9 la historia de Zanella, una marca con esp\u00edritu rebelde, compromiso con la calidad y tradici\u00f3n en el mundo de las motocicletas.","breadcrumb":{"@id":"https:\/\/zanellaglobal.com\/uy\/nuestra-historia\/#breadcrumb"},"inLanguage":"es-AR","potentialAction":[{"@type":"ReadAction","target":["https:\/\/zanellaglobal.com\/uy\/nuestra-historia\/"]}]},{"@type":"BreadcrumbList","@id":"https:\/\/zanellaglobal.com\/uy\/nuestra-historia\/#breadcrumb","itemListElement":[{"@type":"ListItem","position":1,"name":"Inicio","item":"https:\/\/zanellaglobal.com\/uy\/"},{"@type":"ListItem","position":2,"name":"Nuestra Historia"}]},{"@type":"WebSite","@id":"https:\/\/zanellaglobal.com\/uy\/#website","url":"https:\/\/zanellaglobal.com\/uy\/","name":"Zanella","description":"","publisher":{"@id":"https:\/\/zanellaglobal.com\/uy\/#organization"},"potentialAction":[{"@type":"SearchAction","target":{"@type":"EntryPoint","urlTemplate":"https:\/\/zanellaglobal.com\/uy\/?s={search_term_string}"},"query-input":{"@type":"PropertyValueSpecification","valueRequired":true,"valueName":"search_term_string"}}],"inLanguage":"es-AR"},{"@type":"Organization","@id":"https:\/\/zanellaglobal.com\/uy\/#organization","name":"Zanella","url":"https:\/\/zanellaglobal.com\/uy\/","logo":{"@type":"ImageObject","inLanguage":"es-AR","@id":"https:\/\/zanellaglobal.com\/uy\/#\/schema\/logo\/image\/","url":"https:\/\/zanellaglobal.com\/uy\/wp-content\/uploads\/2025\/07\/logo-zanella.png","contentUrl":"https:\/\/zanellaglobal.com\/uy\/wp-content\/uploads\/2025\/07\/logo-zanella.png","width":311,"height":87,"caption":"Zanella"},"image":{"@id":"https:\/\/zanellaglobal.com\/uy\/#\/schema\/logo\/image\/"},"sameAs":["https:\/\/www.facebook.com\/ZanellaArg","https:\/\/x.com\/Zanella_Arg"]}]}},"_links":{"self":[{"href":"https:\/\/zanellaglobal.com\/uy\/wp-json\/wp\/v2\/pages\/207","targetHints":{"allow":["GET"]}}],"collection":[{"href":"https:\/\/zanellaglobal.com\/uy\/wp-json\/wp\/v2\/pages"}],"about":[{"href":"https:\/\/zanellaglobal.com\/uy\/wp-json\/wp\/v2\/types\/page"}],"author":[{"embeddable":true,"href":"https:\/\/zanellaglobal.com\/uy\/wp-json\/wp\/v2\/users\/1"}],"replies":[{"embeddable":true,"href":"https:\/\/zanellaglobal.com\/uy\/wp-json\/wp\/v2\/comments?post=207"}],"version-history":[{"count":1,"href":"https:\/\/zanellaglobal.com\/uy\/wp-json\/wp\/v2\/pages\/207\/revisions"}],"predecessor-version":[{"id":265,"href":"https:\/\/zanellaglobal.com\/uy\/wp-json\/wp\/v2\/pages\/207\/revisions\/265"}],"wp:attachment":[{"href":"https:\/\/zanellaglobal.com\/uy\/wp-json\/wp\/v2\/media?parent=207"}],"curies":[{"name":"wp","href":"https:\/\/api.w.org\/{rel}","templated":true}]}}